{"id":3740,"date":"2023-11-08T17:17:53","date_gmt":"2023-11-08T09:17:53","guid":{"rendered":"http:\/\/www.kingpooloutdoors.com\/?post_type=product&#038;p=3740"},"modified":"2026-04-01T10:27:14","modified_gmt":"2026-04-01T02:27:14","slug":"nature-of-color-tarp","status":"publish","type":"product","link":"http:\/\/www.kingpooloutdoors.com\/index.php\/product\/nature-of-color-tarp\/","title":{"rendered":"Nature of Color Tarp"},"content":{"rendered":"<p><strong>Fabric: 210T polyester cloth, coated with silver<\/strong><\/p>\n<p><strong>Tarp pole: \u03a62.5\u00d7 210cm \u00d72<\/strong><\/p>\n<p><strong>Accessories: ground nail \u00d78, wind rope \u00d78, tarp pole \u00d72<\/strong><\/p>\n<p><strong>Expansion size: 3600\u00d72900\u00d72100mm<\/strong><\/p>\n<p><strong>Storage size: 610\u00d7140\u00d7140mm<\/strong><\/p>\n<p><strong>Weight: 4.1kg (including all accessories and storage bags)<\/strong><\/p>\n<p><strong>Waterproof index: 2000MM<\/strong><\/p>\n<p><strong>SPF: UPF50+<\/strong><\/p>\n","protected":false},"excerpt":{"rendered":"<ul>\n<li>Sturdy canopy pole, 2.5cm diameter galvanized iron pipe, 2.4m height.<\/li>\n<li>Corner reinforced webbing, balanced force, not easy to tear<\/li>\n<li>Thickened wind rope, solid core braided for strong tensile strength.<\/li>\n<li>Multi-layer adhesive coating for better durability; sunscreen UPF50+, waterproof coating PU3000mm.<\/li>\n<\/ul>\n","protected":false},"featured_media":3749,"template":"","meta":{"site-sidebar-layout":"default","site-content-layout":"default","ast-global-header-display":"","ast-main-header-display":"","ast-hfb-above-header-display":"","ast-hfb-below-header-display":"","ast-hfb-mobile-header-display":"","site-post-title":"","ast-breadcrumbs-content":"","ast-featured-img":"","footer-sml-layout":"","theme-transparent-header-meta":"default","adv-header-id-meta":"","stick-header-meta":"default","header-above-stick-meta":"","header-main-stick-meta":"","header-below-stick-meta":""},"product_cat":[57],"product_tag":[],"class_list":["post-3740","product","type-product","status-publish","has-post-thumbnail","hentry","product_cat-folding-chair-fun-in-the-funfair","align-left","box-shadow-0","box-shadow-0-hover","ast-product-gallery-layout-horizontal","ast-product-tabs-layout-horizontal"],"_links":{"self":[{"href":"http:\/\/www.kingpooloutdoors.com\/index.php\/wp-json\/wp\/v2\/product\/3740","targetHints":{"allow":["GET"]}}],"collection":[{"href":"http:\/\/www.kingpooloutdoors.com\/index.php\/wp-json\/wp\/v2\/product"}],"about":[{"href":"http:\/\/www.kingpooloutdoors.com\/index.php\/wp-json\/wp\/v2\/types\/product"}],"wp:featuredmedia":[{"embeddable":true,"href":"http:\/\/www.kingpooloutdoors.com\/index.php\/wp-json\/wp\/v2\/media\/3749"}],"wp:attachment":[{"href":"http:\/\/www.kingpooloutdoors.com\/index.php\/wp-json\/wp\/v2\/media?parent=3740"}],"wp:term":[{"taxonomy":"product_cat","embeddable":true,"href":"http:\/\/www.kingpooloutdoors.com\/index.php\/wp-json\/wp\/v2\/product_cat?post=3740"},{"taxonomy":"product_tag","embeddable":true,"href":"http:\/\/www.kingpooloutdoors.com\/index.php\/wp-json\/wp\/v2\/product_tag?post=3740"}],"curies":[{"name":"wp","href":"https:\/\/api.w.org\/{rel}","templated":true}]}}